{"id":1827,"date":"2018-02-24T00:03:20","date_gmt":"2018-02-23T22:03:20","guid":{"rendered":"https:\/\/davidrota.com\/?page_id=1827"},"modified":"2025-03-21T19:24:56","modified_gmt":"2025-03-21T17:24:56","slug":"contacto","status":"publish","type":"page","link":"https:\/\/davidrota.com\/es\/contacto\/","title":{"rendered":"Contacto"},"content":{"rendered":"\n<div style=\"height:50px\" aria-hidden=\"true\" class=\"wp-block-spacer\"><\/div>\n\n\n\n<p class=\"has-text-align-center\" style=\"font-size:25px\">Fot\u00f3grafo de retrato editorial y publicidad<br>Con base en Valencia y Altea (Espa\u00f1a). Disponible en todo el mundo.<\/p>\n\n\n\n<div style=\"height:30px\" aria-hidden=\"true\" class=\"wp-block-spacer\"><\/div>\n\n\n\n<p class=\"has-text-align-center\" style=\"font-size:25px\">Puedes enviarme un e-mail, rellenar el formulario o escribirme por WhatsApp. En cualquiera de ellos contesto con bastante celeridad.<\/p>\n\n\n\n<div style=\"height:30px\" aria-hidden=\"true\" class=\"wp-block-spacer\"><\/div>\n\n\n\n<p class=\"has-text-align-center\" style=\"font-size:25px\">david@davidrota.com<br>WhatsApp. <a href=\"https:\/\/wa.me\/34623991961\">+34 623 99 19 61<\/a><\/p>\n\n\n\n<div style=\"height:64px\" aria-hidden=\"true\" class=\"wp-block-spacer\"><\/div>\n\n\n<style>.kb-row-layout-id1827_02e0d1-b0 > .kt-row-column-wrap{align-content:start;}:where(.kb-row-layout-id1827_02e0d1-b0 > .kt-row-column-wrap) > .wp-block-kadence-column{justify-content:start;}.kb-row-layout-id1827_02e0d1-b0 > .kt-row-column-wrap{column-gap:var(--global-kb-gap-md, 2rem);row-gap:var(--global-kb-gap-md, 2rem);max-width:800px;margin-left:auto;margin-right:auto;padding-top:var(--global-kb-spacing-sm, 1.5rem);padding-bottom:var(--global-kb-spacing-sm, 1.5rem);grid-template-columns:minmax(0, 1fr);}.kb-row-layout-id1827_02e0d1-b0 > .kt-row-layout-overlay{opacity:0.30;}@media all and (max-width: 1024px){.kb-row-layout-id1827_02e0d1-b0 > .kt-row-column-wrap{grid-template-columns:minmax(0, 1fr);}}@media all and (max-width: 767px){.kb-row-layout-id1827_02e0d1-b0 > .kt-row-column-wrap{grid-template-columns:minmax(0, 1fr);}}<\/style><div class=\"kb-row-layout-wrap kb-row-layout-id1827_02e0d1-b0 alignnone wp-block-kadence-rowlayout\"><div class=\"kt-row-column-wrap kt-has-1-columns kt-row-layout-equal kt-tab-layout-inherit kt-mobile-layout-row kt-row-valign-top\">\n<style>.kadence-column1827_c8ecb4-63 > .kt-inside-inner-col,.kadence-column1827_c8ecb4-63 > .kt-inside-inner-col:before{border-top-left-radius:0px;border-top-right-radius:0px;border-bottom-right-radius:0px;border-bottom-left-radius:0px;}.kadence-column1827_c8ecb4-63 > .kt-inside-inner-col{column-gap:var(--global-kb-gap-sm, 1rem);}.kadence-column1827_c8ecb4-63 > .kt-inside-inner-col{flex-direction:column;}.kadence-column1827_c8ecb4-63 > .kt-inside-inner-col > .aligncenter{width:100%;}.kadence-column1827_c8ecb4-63 > .kt-inside-inner-col:before{opacity:0.3;}.kadence-column1827_c8ecb4-63{position:relative;}@media all and (max-width: 1024px){.kadence-column1827_c8ecb4-63 > .kt-inside-inner-col{flex-direction:column;justify-content:center;}}@media all and (max-width: 767px){.kadence-column1827_c8ecb4-63 > .kt-inside-inner-col{flex-direction:column;justify-content:center;}}<\/style>\n<div class=\"wp-block-kadence-column kadence-column1827_c8ecb4-63\"><div class=\"kt-inside-inner-col\"><style>.wp-block-kadence-advanced-form7084-cpt-id .kb-advanced-form input[type=text],.wp-block-kadence-advanced-form7084-cpt-id .kb-advanced-form input[type=tel],.wp-block-kadence-advanced-form7084-cpt-id .kb-advanced-form input[type=number],.wp-block-kadence-advanced-form7084-cpt-id .kb-advanced-form input[type=date],.wp-block-kadence-advanced-form7084-cpt-id .kb-advanced-form input[type=time],.wp-block-kadence-advanced-form7084-cpt-id .kb-advanced-form input[type=email],.wp-block-kadence-advanced-form7084-cpt-id .kb-advanced-form input[type=file],.wp-block-kadence-advanced-form7084-cpt-id .kb-advanced-form select,.wp-block-kadence-advanced-form7084-cpt-id .kb-advanced-form textarea{font-size:var(--global-kb-font-size-md, 1.25rem);}.wp-block-kadence-advanced-form7084-cpt-id .kb-adv-form-field .kb-adv-form-label{font-size:var(--global-kb-font-size-lg, 2rem);font-weight:bold;}.wp-block-kadence-advanced-form7084-cpt-id .kb-radio-check-item label{font-size:var(--global-kb-font-size-lg, 2rem);}<\/style><div class=\"wp-block-kadence-advanced-form wp-block-kadence-advanced-form7084-cpt-id kb-adv-form-label-style-normal kb-adv-form-input-size-large kb-form-basic-style wp-block-kadence-advanced-form\"><form id=\"kb-adv-form-7084-cpt-id\" class=\"kb-advanced-form\" method=\"post\">\n<div class=\"kb-adv-form-field kb-adv-form-text-type-input kb-adv-form-infield-type-input kb-field70846d90b8-e9 wp-block-kadence-advanced-form-text\"><label class=\"kb-adv-form-label\" for=\"field70846d90b8-e9\">Nombre<span class=\"kb-adv-form-required\">*<\/span><\/label><input name=\"nombre\" id=\"field70846d90b8-e9\" data-label=\"Nombre\" type=\"text\" placeholder=\"\" value=\"\" data-type=\"text\" class=\"kb-field kb-text-field\" data-required=\"yes\" required aria-required=\"true\"\/><\/div>\n\n<div class=\"kb-adv-form-field kb-adv-form-text-type-input kb-adv-form-infield-type-input kb-field70844bfa5c-4a wp-block-kadence-advanced-form-email\"><label class=\"kb-adv-form-label\" for=\"field70844bfa5c-4a\">E-mail<span class=\"kb-adv-form-required\">*<\/span><\/label><input name=\"email\" id=\"field70844bfa5c-4a\" data-label=\"E-mail\" type=\"email\" placeholder=\"\" value=\"\" data-type=\"email\" class=\"kb-field kb-email-field\" data-required=\"yes\" required aria-required=\"true\"\/><\/div>\n\n<div class=\"kb-adv-form-field kb-adv-form-text-type-input kb-adv-form-infield-type-input kb-field7084ce756d-44 wp-block-kadence-advanced-form-textarea\"><label class=\"kb-adv-form-label\" for=\"field7084ce756d-44\">Mensaje<span class=\"kb-adv-form-required\">*<\/span><\/label><textarea name=\"fieldce756d-44\" id=\"field7084ce756d-44\" rows=\"5\"  data-label=\"Mensaje\" placeholder=\"\" data-type=\"textarea\" class=\"kb-field kb-textarea-field\" data-required=\"yes\" required aria-required=\"true\"><\/textarea><\/div>\n\n<div class=\"kb-adv-form-field kb-field708426980f-0e wp-block-kadence-advanced-form-checkbox\"><fieldset class=\"kb-radio-check-item-wrap\" id=\"cb708426980f-0e\" data-type=\"checkbox\" data-required=\"yes\" ><div class=\"kb-radio-check-item\"><input class=\"kb-checkbox-style\" type=\"checkbox\"  aria-describedby=\"aria-describe708426980f-0e\" id=\"field708426980f-0e_0\" name=\"field26980f-0e[]\" value=\"Acepto la pol\u00edtica de privacidad\"><label for=\"field708426980f-0e_0\">Acepto la pol\u00edtica de privacidad<\/label><\/div><\/fieldset><div class=\"kb-adv-form-help\" id=\"aria-describe708426980f-0e\">Los datos que proporciones mediante este formulario ser\u00e1n tratados por David Rota. La finalidad de la recogida de estos datos es la de responder a tu consulta. Puedes ejercer tus derechos de acceso, rectificaci\u00f3n, limitaci\u00f3n y supresi\u00f3n de los mismos envi\u00e1ndome un correo electr\u00f3nico<\/div><\/div>\n\n<div class=\"kb-adv-form-field kb-fieldd9cef2-8f wp-block-kadence-advanced-form-captcha\"><div class=\"cf-turnstile\" data-language=\"\" data-size=\"normal\" data-theme=\"light\" data-sitekey=\"0x4AAAAAADD1f2jknNg9g77S\"><\/div><\/div>\n\n<style>ul.menu .kb-submit-field .kb-btndd54c3-49.kb-button{width:initial;}.kb-submit-field .kb-btndd54c3-49.kb-button{color:#000000;background:#fcd368;font-size:var(--global-kb-font-size-md, 1.25rem);}.kb-submit-field.kb-fielddd54c3-49{justify-content:center;}<\/style><div class=\"kb-adv-form-field kb-submit-field kb-fielddd54c3-49 wp-block-kadence-advanced-form-submit\"><button class=\"kb-button kt-button button kb-adv-form-submit-button kb-btndd54c3-49 kt-btn-size-standard kt-btn-width-type-auto kb-btn-global-fill kt-btn-has-text-true kt-btn-has-svg-false\" type=\"submit\"><span class=\"kt-btn-inner-text\">Enviar<\/span><\/button><\/div>\n<input type=\"hidden\" name=\"_kb_adv_form_post_id\" value=\"7084\"><input type=\"hidden\" name=\"action\" value=\"kb_process_advanced_form_submit\"><input type=\"hidden\" name=\"_kb_adv_form_id\" value=\"7084-cpt-id\"><\/form><\/div><\/div><\/div>\n\n<\/div><\/div>\n\n\n<div style=\"height:150px\" aria-hidden=\"true\" class=\"wp-block-spacer\"><\/div>\n","protected":false},"excerpt":{"rendered":"<p>Fot\u00f3grafo de retrato editorial y publicidadCon base en Valencia y &hellip;<\/p>\n","protected":false},"author":4,"featured_media":0,"parent":0,"menu_order":0,"comment_status":"closed","ping_status":"closed","template":"","meta":{"_seopress_robots_primary_cat":"","_seopress_titles_title":"","_seopress_titles_desc":"","_seopress_robots_index":"","_seopress_analysis_target_kw":"","_kad_blocks_custom_css":"","_kad_blocks_head_custom_js":"","_kad_blocks_body_custom_js":"","_kad_blocks_footer_custom_js":"","footnotes":""},"class_list":["post-1827","page","type-page","status-publish","hentry"],"taxonomy_info":[],"featured_image_src_large":false,"author_info":{"display_name":"David Rota","author_link":"https:\/\/davidrota.com\/es\/author\/davidr\/"},"comment_info":0,"_links":{"self":[{"href":"https:\/\/davidrota.com\/es\/wp-json\/wp\/v2\/pages\/1827","targetHints":{"allow":["GET"]}}],"collection":[{"href":"https:\/\/davidrota.com\/es\/wp-json\/wp\/v2\/pages"}],"about":[{"href":"https:\/\/davidrota.com\/es\/wp-json\/wp\/v2\/types\/page"}],"author":[{"embeddable":true,"href":"https:\/\/davidrota.com\/es\/wp-json\/wp\/v2\/users\/4"}],"replies":[{"embeddable":true,"href":"https:\/\/davidrota.com\/es\/wp-json\/wp\/v2\/comments?post=1827"}],"version-history":[{"count":0,"href":"https:\/\/davidrota.com\/es\/wp-json\/wp\/v2\/pages\/1827\/revisions"}],"wp:attachment":[{"href":"https:\/\/davidrota.com\/es\/wp-json\/wp\/v2\/media?parent=1827"}],"curies":[{"name":"wp","href":"https:\/\/api.w.org\/{rel}","templated":true}]}}